{"id":896,"date":"2020-05-09T11:44:11","date_gmt":"2020-05-09T11:44:11","guid":{"rendered":"http:\/\/www.infantesmusica.com\/?page_id=896"},"modified":"2025-05-30T16:51:04","modified_gmt":"2025-05-30T16:51:04","slug":"colibri-896","status":"publish","type":"page","link":"https:\/\/www.infantesmusica.com\/index.php\/colibri-896\/","title":{"rendered":"TALLER INFANTIL"},"content":{"rendered":"<div data-colibri-id=\"896-c1\" class=\"style-481 style-local-896-c1 position-relative\">\n  <!---->\n  <div data-colibri-component=\"section\" data-colibri-id=\"896-c2\" id=\"overlappable\" class=\"h-section h-section-global-spacing d-flex align-items-lg-center align-items-md-center align-items-center style-570 style-local-896-c2 position-relative\">\n    <!---->\n    <!---->\n    <div class=\"h-section-grid-container h-section-boxed-container\">\n      <!---->\n      <div data-colibri-id=\"896-c3\" class=\"h-row-container gutters-row-lg-1 gutters-row-md-1 gutters-row-0 gutters-row-v-lg-1 gutters-row-v-md-1 gutters-row-v-1 style-932 style-local-896-c3 position-relative\">\n        <!---->\n        <div class=\"h-row justify-content-lg-center justify-content-md-center justify-content-center align-items-lg-stretch align-items-md-stretch align-items-stretch gutters-col-lg-1 gutters-col-md-1 gutters-col-0 gutters-col-v-lg-1 gutters-col-v-md-1 gutters-col-v-1\">\n          <!---->\n          <div class=\"h-column h-column-container d-flex h-col-lg-auto h-col-md-auto h-col-auto style-934-outer style-local-896-c4-outer\">\n            <div data-colibri-id=\"896-c4\" class=\"d-flex h-flex-basis h-column__inner h-px-lg-0 h-px-md-0 h-px-0 v-inner-lg-0 v-inner-md-0 v-inner-0 style-934 style-local-896-c4 position-relative\">\n              <!---->\n              <!---->\n              <div class=\"w-100 h-y-container h-column__content h-column__v-align flex-basis-100 align-self-lg-start align-self-md-start align-self-start\">\n                <!---->\n                <div data-colibri-id=\"896-c5\" class=\"h-global-transition-all h-heading style-935 style-local-896-c5 position-relative h-element\">\n                  <!---->\n                  <div class=\"h-heading__outer style-935 style-local-896-c5\">\n                    <!---->\n                    <!---->\n                    <h1 class=\"\">MUSIC MIND GAMES<\/h1>\n                  <\/div>\n                <\/div>\n              <\/div>\n            <\/div>\n          <\/div>\n        <\/div>\n      <\/div>\n      <div data-colibri-id=\"896-c6\" class=\"h-row-container gutters-row-lg-1 gutters-row-md-1 gutters-row-3 gutters-row-v-lg-1 gutters-row-v-md-1 gutters-row-v-1 style-927 style-local-896-c6 position-relative\">\n        <!---->\n        <div class=\"h-row justify-content-lg-center justify-content-md-center justify-content-center align-items-lg-stretch align-items-md-stretch align-items-stretch gutters-col-lg-1 gutters-col-md-1 gutters-col-3 gutters-col-v-lg-1 gutters-col-v-md-1 gutters-col-v-1\">\n          <!---->\n          <div class=\"h-column h-column-container d-flex h-col-lg-auto h-col-md-auto h-col-auto style-928-outer style-local-896-c7-outer\">\n            <div data-colibri-id=\"896-c7\" class=\"d-flex h-flex-basis h-column__inner h-px-lg-0 h-px-md-0 h-px-0 v-inner-lg-0 v-inner-md-0 v-inner-0 style-928 style-local-896-c7 position-relative\">\n              <!---->\n              <!---->\n              <div class=\"w-100 h-y-container h-column__content h-column__v-align flex-basis-100 align-self-lg-start align-self-md-start align-self-start\">\n                <!---->\n                <div data-colibri-id=\"896-c8\" class=\"h-text h-text-component style-930 style-local-896-c8 position-relative h-element\">\n                  <!---->\n                  <!---->\n                  <div class=\"\">\n                    <p>CON ISABEL L\u00d3PEZ-ROMERO FERN\u00c1NDEZ<\/p>\n                  <\/div>\n                <\/div>\n              <\/div>\n            <\/div>\n          <\/div>\n        <\/div>\n      <\/div>\n    <\/div>\n  <\/div>\n  <div data-colibri-component=\"section\" data-colibri-id=\"896-c9\" id=\"about\" class=\"h-section h-section-global-spacing d-flex align-items-lg-center align-items-md-center align-items-center style-494 style-local-896-c9 position-relative\">\n    <!---->\n    <!---->\n    <div class=\"h-section-grid-container h-section-fluid-container\">\n      <!---->\n      <div data-colibri-id=\"896-c10\" class=\"h-row-container gutters-row-lg-3 gutters-row-md-3 gutters-row-0 gutters-row-v-lg-3 gutters-row-v-md-3 gutters-row-v-3 style-495 style-local-896-c10 position-relative\">\n        <!---->\n        <div class=\"h-row justify-content-lg-center justify-content-md-center justify-content-center align-items-lg-stretch align-items-md-stretch align-items-stretch gutters-col-lg-3 gutters-col-md-3 gutters-col-0 gutters-col-v-lg-3 gutters-col-v-md-3 gutters-col-v-3\">\n          <!---->\n          <div class=\"h-column h-column-container d-flex h-col-lg-auto h-col-md-auto h-col-auto style-496-outer style-local-896-c11-outer\">\n            <div data-colibri-id=\"896-c11\" class=\"d-flex h-flex-basis h-column__inner h-px-lg-0 h-px-md-0 h-px-0 v-inner-lg-0 v-inner-md-0 v-inner-0 style-496 style-local-896-c11 position-relative\">\n              <!---->\n              <!---->\n              <div class=\"w-100 h-y-container h-column__content h-column__v-align flex-basis-100 align-self-lg-start align-self-md-start align-self-start\">\n                <!---->\n                <div data-colibri-id=\"896-c12\" class=\"h-global-transition-all h-heading style-498 style-local-896-c12 position-relative h-element\">\n                  <!---->\n                  <div class=\"h-heading__outer style-498 style-local-896-c12\">\n                    <!---->\n                    <!---->\n                    <h1 class=\"\">\u00bfQU\u00c9 ES?<\/h1>\n                  <\/div>\n                <\/div>\n                <div data-colibri-id=\"896-c13\" class=\"h-text h-text-component style-499 style-local-896-c13 position-relative h-element\">\n                  <!---->\n                  <!---->\n                  <div class=\"\">\n                    <p>&#8216;Music Mind Games&#8217; es un m\u00e9todo de aprendizaje creado y desarrollado por Michiko Yurko con el que, a trav\u00e9s de m\u00e1s de 300 juegos cooperativos, se trabaja el lenguaje musical en sus distintos par\u00e1metros y aspectos. Mediante la gamificaci\u00f3n\n                      no solo se facilita el aprendizaje, sino que distintas habilidades como la cooperaci\u00f3n, la memorizaci\u00f3n o la predisposici\u00f3n a aprender, se desarrollan de forma mucho m\u00e1s natural en los ni\u00f1os y ni\u00f1as.<\/p>\n                  <\/div>\n                <\/div>\n              <\/div>\n            <\/div>\n          <\/div>\n          <div class=\"h-column h-column-container d-flex h-col-lg-auto h-col-md-auto h-col-auto style-500-outer style-local-896-c14-outer\">\n            <div data-colibri-id=\"896-c14\" class=\"d-flex h-flex-basis h-column__inner h-ui-empty-state-container h-px-lg-2 h-px-md-2 h-px-2 v-inner-lg-2 v-inner-md-2 v-inner-2 style-500 style-local-896-c14 position-relative\">\n              <!---->\n              <!---->\n              <div class=\"w-100 h-y-container h-column__content h-column__v-align flex-basis-100\">\n                <!---->\n              <\/div>\n            <\/div>\n          <\/div>\n        <\/div>\n      <\/div>\n    <\/div>\n  <\/div>\n  <div data-colibri-component=\"section\" data-colibri-id=\"896-c15\" id=\"about-2\" class=\"h-section h-section-global-spacing d-flex align-items-lg-center align-items-md-center align-items-center style-501 style-local-896-c15 position-relative\">\n    <!---->\n    <!---->\n    <div class=\"h-section-grid-container h-section-fluid-container\">\n      <!---->\n      <div data-colibri-id=\"896-c16\" class=\"h-row-container gutters-row-lg-3 gutters-row-md-3 gutters-row-0 gutters-row-v-lg-3 gutters-row-v-md-3 gutters-row-v-3 style-502 style-local-896-c16 position-relative\">\n        <!---->\n        <div class=\"h-row justify-content-lg-center justify-content-md-center justify-content-center align-items-lg-stretch align-items-md-stretch align-items-stretch gutters-col-lg-3 gutters-col-md-3 gutters-col-0 gutters-col-v-lg-3 gutters-col-v-md-3 gutters-col-v-3\">\n          <!---->\n          <div class=\"h-column h-column-container d-flex h-col-lg-auto h-col-md-auto h-col-auto style-503-outer style-local-896-c17-outer\">\n            <div data-colibri-id=\"896-c17\" class=\"d-flex h-flex-basis h-column__inner h-ui-empty-state-container h-px-lg-0 h-px-md-0 h-px-0 v-inner-lg-0 v-inner-md-0 v-inner-0 style-503 style-local-896-c17 position-relative\">\n              <!---->\n              <!---->\n              <div class=\"w-100 h-y-container h-column__content h-column__v-align flex-basis-100\">\n                <!---->\n              <\/div>\n            <\/div>\n          <\/div>\n          <div class=\"h-column h-column-container d-flex h-col-lg-auto h-col-md-auto h-col-auto style-504-outer style-local-896-c18-outer\">\n            <div data-colibri-id=\"896-c18\" class=\"d-flex h-flex-basis h-column__inner h-px-lg-2 h-px-md-2 h-px-2 v-inner-lg-2 v-inner-md-2 v-inner-2 style-504 style-local-896-c18 position-relative\">\n              <!---->\n              <!---->\n              <div class=\"w-100 h-y-container h-column__content h-column__v-align flex-basis-100 align-self-lg-start align-self-md-start align-self-start\">\n                <!---->\n                <div data-colibri-id=\"896-c19\" class=\"h-global-transition-all h-heading style-506 style-local-896-c19 position-relative h-element\">\n                  <!---->\n                  <div class=\"h-heading__outer style-506 style-local-896-c19\">\n                    <!---->\n                    <!---->\n                    <h2 class=\"\">\u00bfA QUI\u00c9N VA DIRIGIDO Y C\u00d3MO FUNCIONA?<\/h2>\n                  <\/div>\n                <\/div>\n                <div data-colibri-id=\"896-c20\" class=\"h-text h-text-component style-507 style-local-896-c20 position-relative h-element\">\n                  <!---->\n                  <!---->\n                  <div class=\"\">\n                    <p><span style=\"font-weight: 400; font-size: 16px; font-family: Raleway; color: rgb(37, 41, 42);\">A alumnos\/as de entre 4 y 16 a\u00f1os. Los grupos (de no m\u00e1s de 6 componentes) se formar\u00e1n teniendo en cuenta la edad y la formaci\u00f3n musical.<\/span><\/p>\n                    <p><span style=\"font-weight: 400; font-size: 16px; font-family: Raleway; color: rgb(37, 41, 42);\">\ufeffLa duraci\u00f3n de los talleres ser\u00e1 de una hora diaria y se permitir\u00e1 la presencia de padres y madres, siendo necesaria con los alumnos\/as de menor edad.<\/span><\/p>\n                    <p><span style=\"font-weight: 400; font-size: 16px; font-family: Raleway; color: rgb(37, 41, 42);\">\ufeffLos ni\u00f1os y&nbsp;ni\u00f1as deber\u00e1n llevar ropa y calzado c\u00f3modo (evitar calzado con hebillas).<\/span><\/p>\n                  <\/div>\n                <\/div>\n              <\/div>\n            <\/div>\n          <\/div>\n        <\/div>\n      <\/div>\n    <\/div>\n  <\/div>\n  <div data-colibri-component=\"section\" data-colibri-id=\"896-c21\" id=\"about-3\" class=\"h-section h-section-global-spacing d-flex align-items-lg-center align-items-md-center align-items-center style-511 style-local-896-c21 position-relative\">\n    <!---->\n    <!---->\n    <div class=\"h-section-grid-container h-section-fluid-container\">\n      <!---->\n      <div data-colibri-id=\"896-c22\" class=\"h-row-container gutters-row-lg-3 gutters-row-md-3 gutters-row-0 gutters-row-v-lg-3 gutters-row-v-md-3 gutters-row-v-3 style-512 style-local-896-c22 position-relative\">\n        <!---->\n        <div class=\"h-row justify-content-lg-center justify-content-md-center justify-content-center align-items-lg-stretch align-items-md-stretch align-items-stretch gutters-col-lg-3 gutters-col-md-3 gutters-col-0 gutters-col-v-lg-3 gutters-col-v-md-3 gutters-col-v-3\">\n          <!---->\n          <div class=\"h-column h-column-container d-flex h-col-lg-auto h-col-md-auto h-col-auto style-513-outer style-local-896-c23-outer\">\n            <div data-colibri-id=\"896-c23\" class=\"d-flex h-flex-basis h-column__inner h-px-lg-0 h-px-md-0 h-px-0 v-inner-lg-0 v-inner-md-0 v-inner-0 style-513 style-local-896-c23 position-relative\">\n              <!---->\n              <!---->\n              <div class=\"w-100 h-y-container h-column__content h-column__v-align flex-basis-100 align-self-lg-start align-self-md-start align-self-start\">\n                <!---->\n                <div data-colibri-id=\"896-c24\" class=\"h-global-transition-all h-heading style-515 style-local-896-c24 position-relative h-element\">\n                  <!---->\n                  <div class=\"h-heading__outer style-515 style-local-896-c24\">\n                    <!---->\n                    <!---->\n                    <h2 class=\"\">\u00bfCU\u00c1LES SON\n                      <br>LOS OBJETIVOS?<\/h2>\n                  <\/div>\n                <\/div>\n                <div data-colibri-id=\"896-c25\" class=\"h-text h-text-component style-516 style-local-896-c25 position-relative h-element\">\n                  <!---->\n                  <!---->\n                  <div class=\"\">\n                    <p>\u00b7 Aprender contenidos musicales jugando, de forma secuencial y acumulativa<\/p>\n                    <p>\u00b7 Desarrollar la atenci\u00f3n y la memoria\n                      <br>\n                    <\/p>\n                    <p>\u00b7 Utilizar el cuerpo y la voz como instrumentos de expresi\u00f3n, desarrollando juegos de entonaci\u00f3n o lectura r\u00edtmica.\n                      <br>\n                    <\/p>\n                    <p>\u00b7 Estimular la curiosidad y la necesidad de aprender y actuar.\n                      <br>\n                    <\/p>\n                    <p>\u00b7 Establecer relaciones sociales desarrollando actitudes de ayuda y colaboraci\u00f3n.\n                      <br>\n                    <\/p>\n                    <p>\u00b7Desarrollar el aprendizaje a trav\u00e9s de la observaci\u00f3n, estimulando a los alumnos\/as a encontrar sus propias respuestas.<\/p>\n                  <\/div>\n                <\/div>\n              <\/div>\n            <\/div>\n          <\/div>\n          <div class=\"h-column h-column-container d-flex h-col-lg-auto h-col-md-auto h-col-auto style-517-outer style-local-896-c26-outer\">\n            <div data-colibri-id=\"896-c26\" class=\"d-flex h-flex-basis h-column__inner h-ui-empty-state-container h-px-lg-2 h-px-md-2 h-px-2 v-inner-lg-2 v-inner-md-2 v-inner-2 style-517 style-local-896-c26 position-relative\">\n              <!---->\n              <!---->\n              <div class=\"w-100 h-y-container h-column__content h-column__v-align flex-basis-100\">\n                <!---->\n              <\/div>\n            <\/div>\n          <\/div>\n        <\/div>\n      <\/div>\n    <\/div>\n  <\/div>\n  <div data-colibri-component=\"section\" data-colibri-id=\"896-c70\" id=\"reusable-sections-2\" class=\"h-section h-section-global-spacing d-flex align-items-lg-center align-items-md-center align-items-center style-2295 style-local-896-c70 position-relative\">\n    <!---->\n    <!---->\n    <div class=\"h-section-grid-container h-section-boxed-container\">\n      <!---->\n      <div data-colibri-id=\"896-c71\" class=\"h-row-container gutters-row-lg-0 gutters-row-md-0 gutters-row-0 gutters-row-v-lg-0 gutters-row-v-md-0 gutters-row-v-0 style-2296 style-local-896-c71 position-relative\">\n        <!---->\n        <div class=\"h-row justify-content-lg-center justify-content-md-center justify-content-center align-items-lg-stretch align-items-md-stretch align-items-stretch gutters-col-lg-0 gutters-col-md-0 gutters-col-0 gutters-col-v-lg-0 gutters-col-v-md-0 gutters-col-v-0\">\n          <!---->\n          <div class=\"h-column h-column-container d-flex h-col-lg-auto h-col-md-auto h-col-auto style-2297-outer style-local-896-c72-outer\">\n            <div data-colibri-id=\"896-c72\" class=\"d-flex h-flex-basis h-column__inner h-px-lg-0 h-px-md-0 h-px-0 v-inner-lg-0 v-inner-md-0 v-inner-0 style-2297 style-local-896-c72 position-relative\">\n              <!---->\n              <!---->\n              <div class=\"w-100 h-y-container h-column__content h-column__v-align flex-basis-100 align-self-lg-center align-self-md-center align-self-center\">\n                <!---->\n                <div data-colibri-id=\"896-c73\" class=\"style-2298 style-local-896-c73 position-relative h-element\">\n                  <!---->\n                  <div class=\"d-flex flex-wrap h-social-icons justify-content-lg-center justify-content-md-center justify-content-center\">\n                    <div class=\"social-icon-container d-inline-flex\">\n                      <a href=\"https:\/\/www.facebook.com\/infantesmusica\/\" h-use-smooth-scroll=\"true\">\n                        <div class=\"icon-container h-social-icon h-global-transition\">\n                          <div class=\"h-icon-svg\" style=\"width: 100%; height: 100%;\">\n                            <!--Icon by Socicon (http:\/\/www.socicon.com)-->\n                            <svg version=\"1.1\" xmlns=\"http:\/\/www.w3.org\/2000\/svg\" viewBox=\"0 0 1500 1500\">\n\n                              <path d=\"M867.188 1500v-685.547h228.516l35.156-266.602h-263.672v-169.922c0-76.172 20.508-128.906 131.836-128.906h140.625v-237.305c-23.438-5.859-108.398-11.719-205.078-11.719-205.078 0-342.773 123.047-342.773 351.563v196.289h-231.445v266.602h231.445v685.547z\"><\/path>\n                            <\/svg>\n                          <\/div>\n                        <\/div>\n                      <\/a>\n                    <\/div>\n                    <div class=\"social-icon-container d-inline-flex\">\n                      <a href=\"https:\/\/twitter.com\/infantesmusica_\" h-use-smooth-scroll=\"true\">\n                        <div class=\"icon-container h-social-icon h-global-transition\">\n                          <div class=\"h-icon-svg\" style=\"width: 100%; height: 100%;\">\n                            <!--Icon by Socicon (http:\/\/www.socicon.com)-->\n                            <svg version=\"1.1\" xmlns=\"http:\/\/www.w3.org\/2000\/svg\" viewBox=\"0 0 1500 1500\">\n\n                              <path d=\"M1347.656 445.313c0 11.719 0 26.367 0 38.086 0 407.227-310.547 875.977-875.977 875.977-172.852 0-336.914-49.805-471.68-137.695 23.438 2.93 49.805 2.93 73.242 2.93 143.555 0 278.32-46.875 383.789-131.836-134.766 0-249.023-90.82-290.039-213.867 20.508 5.859 38.086 5.859 58.594 5.859 29.297 0 55.664-2.93 82.031-8.789-140.625-29.297-246.094-155.273-246.094-301.758 0-2.93 0-2.93 0-5.859 41.016 23.438 87.891 38.086 137.695 38.086-82.031-52.734-137.695-149.414-137.695-254.883 0-55.664 17.578-108.398 43.945-155.273 149.414 187.5 377.93 310.547 632.813 322.266-5.859-23.438-8.789-46.875-8.789-70.313 0-169.922 137.695-307.617 307.617-307.617 90.82 0 169.922 38.086 225.586 96.68 70.313-14.648 137.695-38.086 196.289-73.242-23.438 70.313-73.242 131.836-134.766 169.922 61.523-8.789 120.117-23.438 175.781-49.805-41.016 61.523-93.75 117.188-152.344 161.133z\"><\/path>\n                            <\/svg>\n                          <\/div>\n                        <\/div>\n                      <\/a>\n                    <\/div>\n                    <div class=\"social-icon-container d-inline-flex\">\n                      <a href=\"https:\/\/www.instagram.com\/infantesmusica_\/\" h-use-smooth-scroll=\"true\">\n                        <div class=\"icon-container h-social-icon h-global-transition\">\n                          <div class=\"h-icon-svg\" style=\"width: 100%; height: 100%;\">\n                            <!--Icon by Socicon (http:\/\/www.socicon.com)-->\n                            <svg version=\"1.1\" xmlns=\"http:\/\/www.w3.org\/2000\/svg\" viewBox=\"0 0 1500 1500\">\n\n                              <path d=\"M750 134.766c202.148 0 222.656 2.93 301.758 5.859 76.172 2.93 114.258 14.648 140.625 23.438 35.156 14.648 61.523 32.227 84.961 55.664 26.367 26.367 43.945 52.734 55.664 84.961 11.719 29.297 23.438 67.383 26.367 140.625 2.93 82.031 5.859 102.539 5.859 304.688s-2.93 222.656-5.859 301.758c-2.93 76.172-14.648 114.258-23.438 140.625-14.648 35.156-32.227 61.523-55.664 84.961-26.367 26.367-52.734 43.945-84.961 55.664-29.297 11.719-67.383 23.438-140.625 26.367-82.031 2.93-102.539 5.859-304.688 5.859s-222.656-2.93-301.758-5.859c-76.172-2.93-114.258-14.648-140.625-23.438-35.156-14.648-61.523-32.227-84.961-55.664-26.367-26.367-43.945-52.734-55.664-84.961-11.719-29.297-23.438-67.383-26.367-140.625-2.93-82.031-5.859-102.539-5.859-304.688s2.93-222.656 5.859-301.758c2.93-76.172 14.648-114.258 23.438-140.625 14.648-35.156 32.227-61.523 55.664-84.961 26.367-26.367 52.734-43.945 84.961-55.664 29.297-11.719 67.383-23.438 140.625-26.367 82.031-2.93 102.539-5.859 304.688-5.859M750 0c-205.078 0-228.516 2.93-307.617 5.859-82.031 2.93-137.695 14.648-181.641 32.227-49.805 20.508-93.75 46.875-134.766 87.891s-67.383 84.961-87.891 134.766c-17.578 46.875-29.297 99.609-32.227 181.641-2.93 79.102-5.859 102.539-5.859 307.617s2.93 228.516 5.859 307.617c2.93 82.031 14.648 137.695 32.227 181.641 20.508 49.805 46.875 93.75 87.891 134.766s84.961 67.383 134.766 87.891c46.875 17.578 99.609 29.297 181.641 32.227 79.102 2.93 102.539 5.859 307.617 5.859s228.516-2.93 307.617-5.859c82.031-2.93 137.695-14.648 181.641-32.227 49.805-20.508 93.75-46.875 134.766-87.891s67.383-84.961 87.891-134.766c17.578-46.875 29.297-99.609 32.227-181.641 2.93-79.102 5.859-102.539 5.859-307.617s-2.93-228.516-5.859-307.617c-2.93-82.031-14.648-137.695-32.227-181.641-20.508-49.805-46.875-93.75-87.891-134.766s-84.961-67.383-134.766-87.891c-46.875-17.578-99.609-29.297-181.641-32.227-79.102-2.93-102.539-5.859-307.617-5.859zM750 363.281c-213.867 0-386.719 172.852-386.719 386.719s172.852 386.719 386.719 386.719c213.867 0 386.719-172.852 386.719-386.719s-172.852-386.719-386.719-386.719zM750 1001.953c-137.695 0-251.953-114.258-251.953-251.953s114.258-251.953 251.953-251.953c137.695 0 251.953 114.258 251.953 251.953s-114.258 251.953-251.953 251.953zM1239.258 348.633c0 49.805-38.086 90.82-87.891 90.82s-90.82-41.016-90.82-90.82c0-49.805 41.016-87.891 90.82-87.891s87.891 38.086 87.891 87.891z\"><\/path>\n                            <\/svg>\n                          <\/div>\n                        <\/div>\n                      <\/a>\n                    <\/div>\n                  <\/div>\n                <\/div>\n              <\/div>\n            <\/div>\n          <\/div>\n        <\/div>\n      <\/div>\n    <\/div>\n  <\/div>\n<\/div>","protected":false},"excerpt":{"rendered":"<p>MUSIC MIND GAMES CON ISABEL L\u00d3PEZ-ROMERO FERN\u00c1NDEZ \u00bfQU\u00c9 ES? &#8216;Music Mind Games&#8217; es un m\u00e9todo de aprendizaje creado y desarrollado por Michiko Yurko con el que, a trav\u00e9s de m\u00e1s de 300 juegos cooperativos, se trabaja el lenguaje musical en sus distintos par\u00e1metros y aspectos. Mediante la gamificaci\u00f3n no solo se facilita el aprendizaje, sino [&hellip;]<\/p>\n","protected":false},"author":1,"featured_media":0,"parent":0,"menu_order":0,"comment_status":"closed","ping_status":"closed","template":"page-templates\/full-width-page.php","meta":{"ngg_post_thumbnail":0},"_links":{"self":[{"href":"https:\/\/www.infantesmusica.com\/index.php\/wp-json\/wp\/v2\/pages\/896"}],"collection":[{"href":"https:\/\/www.infantesmusica.com\/index.php\/wp-json\/wp\/v2\/pages"}],"about":[{"href":"https:\/\/www.infantesmusica.com\/index.php\/wp-json\/wp\/v2\/types\/page"}],"author":[{"embeddable":true,"href":"https:\/\/www.infantesmusica.com\/index.php\/wp-json\/wp\/v2\/users\/1"}],"replies":[{"embeddable":true,"href":"https:\/\/www.infantesmusica.com\/index.php\/wp-json\/wp\/v2\/comments?post=896"}],"version-history":[{"count":20,"href":"https:\/\/www.infantesmusica.com\/index.php\/wp-json\/wp\/v2\/pages\/896\/revisions"}],"predecessor-version":[{"id":5754,"href":"https:\/\/www.infantesmusica.com\/index.php\/wp-json\/wp\/v2\/pages\/896\/revisions\/5754"}],"wp:attachment":[{"href":"https:\/\/www.infantesmusica.com\/index.php\/wp-json\/wp\/v2\/media?parent=896"}],"curies":[{"name":"wp","href":"https:\/\/api.w.org\/{rel}","templated":true}]}}